{"id":30,"date":"2015-01-09T17:28:29","date_gmt":"2015-01-09T19:28:29","guid":{"rendered":"http:\/\/cordobezaguirre.com\/sitio\/?page_id=30"},"modified":"2015-01-09T17:28:29","modified_gmt":"2015-01-09T19:28:29","slug":"servicios","status":"publish","type":"page","link":"https:\/\/cordobezaguirre.com\/sitio\/servicios\/","title":{"rendered":"Servicios"},"content":{"rendered":"<ul class=\"tabs-nav\"><li><a href=\"#\">Casa central<\/a><\/li><li><a href=\"#\"> Suc. Omb\u00faes de la Valle<\/a><\/li><li><a href=\"#\"> Otros Servicios<\/a><\/li><\/ul><div class=\"tabs-container\"><\/p>\n<p><div class=\"tab-content\"><\/p>\n<p><div class=\"columns\"><div class=\"two-third\"><\/p>\n<h2>Casa central<\/h2>\n<p>Ofrecemos un complejo velatorio integral.<\/p>\n<ul>\n<li>3 salas.<\/li>\n<li>Ambiente climatizado.<\/li>\n<li>Servicio privado de kitchenette y ba\u00f1os &#8211; ba\u00f1os p\u00fablicos.<\/li>\n<li>WiFi<\/li>\n<li>Atenci\u00f3n con personal las 24 horas.<\/li>\n<li>\u00c1reas privadas y comunes.<\/li>\n<\/ul>\n<p><\/div><div class=\"one-third\"><\/p>\n<p>\n\t\t\t<!-- START Servicios Carmelo REVOLUTION SLIDER 6.7.14 --><p class=\"rs-p-wp-fix\"><\/p>\n\t\t\t<rs-module-wrap id=\"rev_slider_2_1_wrapper\" data-source=\"gallery\" data-aimg=\"\"  style=\"visibility:hidden;background:#E9E9E9;padding:0;margin:0px auto;margin-top:0;margin-bottom:0;\">\n\t\t\t\t<rs-module id=\"rev_slider_2_1\" style=\"\" data-version=\"6.7.14\">\n\t\t\t\t\t<rs-slides style=\"overflow: hidden; position: absolute;\">\n\t\t\t\t\t\t<rs-slide style=\"position: absolute;\" data-key=\"rs-7\" data-title=\"Slide\" data-anim=\"ms:300;\" data-in=\"o:0;\" data-out=\"a:false;\" data-alttrans=\"boxfade,slotfade-horizontal,slotfade-vertical,fadefromright,fadefromleft,fadefromtop,fadefrombottom,fadetoleftfadefromright,fadetorightfadefromleft,fadetotopfadefrombottom,fadetobottomfadefromtop\">\n\t\t\t\t\t\t\t<img decoding=\"async\" src=\"\/\/cordobezaguirre.com\/sitio\/wp-content\/plugins\/revslider\/sr6\/assets\/assets\/dummy.png\" alt=\"\" title=\"Servicios\" class=\"rev-slidebg tp-rs-img rs-lazyload\" data-lazyload=\"\/\/cordobezaguirre.com\/sitio\/wp-content\/uploads\/2015\/01\/servicios2.jpg\" data-bg=\"p:center top;\" data-no-retina>\n<!---->\t\t\t\t\t<\/rs-slide>\n\t\t\t\t\t\t<rs-slide style=\"position: absolute;\" data-key=\"rs-8\" data-title=\"Slide\" data-anim=\"ms:300;\" data-in=\"o:0;\" data-out=\"a:false;\" data-alttrans=\"boxfade,slotfade-horizontal,slotfade-vertical,fadefromright,fadefromleft,fadefromtop,fadefrombottom,fadetoleftfadefromright,fadetorightfadefromleft,fadetotopfadefrombottom,fadetobottomfadefromtop\">\n\t\t\t\t\t\t\t<img decoding=\"async\" src=\"\/\/cordobezaguirre.com\/sitio\/wp-content\/plugins\/revslider\/sr6\/assets\/assets\/dummy.png\" alt=\"\" title=\"Servicios\" class=\"rev-slidebg tp-rs-img rs-lazyload\" data-lazyload=\"\/\/cordobezaguirre.com\/sitio\/wp-content\/uploads\/2015\/01\/servicios4.jpg\" data-bg=\"p:center top;\" data-no-retina>\n<!---->\t\t\t\t\t<\/rs-slide>\n\t\t\t\t\t\t<rs-slide style=\"position: absolute;\" data-key=\"rs-10\" data-title=\"Slide\" data-anim=\"ms:300;\" data-in=\"o:0;\" data-out=\"a:false;\" data-alttrans=\"boxfade,slotfade-horizontal,slotfade-vertical,fadefromright,fadefromleft,fadefromtop,fadefrombottom,fadetoleftfadefromright,fadetorightfadefromleft,fadetotopfadefrombottom,fadetobottomfadefromtop\">\n\t\t\t\t\t\t\t<img decoding=\"async\" src=\"\/\/cordobezaguirre.com\/sitio\/wp-content\/plugins\/revslider\/sr6\/assets\/assets\/dummy.png\" alt=\"\" title=\"Servicios\" class=\"rev-slidebg tp-rs-img rs-lazyload\" data-lazyload=\"\/\/cordobezaguirre.com\/sitio\/wp-content\/uploads\/2015\/01\/servicios3.jpg\" data-bg=\"p:center top;\" data-no-retina>\n<!---->\t\t\t\t\t<\/rs-slide>\n\t\t\t\t\t\t<rs-slide style=\"position: absolute;\" data-key=\"rs-11\" data-title=\"Slide\" data-anim=\"ms:300;\" data-in=\"o:0;\" data-out=\"a:false;\" data-alttrans=\"boxfade,slotfade-horizontal,slotfade-vertical,fadefromright,fadefromleft,fadefromtop,fadefrombottom,fadetoleftfadefromright,fadetorightfadefromleft,fadetotopfadefrombottom,fadetobottomfadefromtop\">\n\t\t\t\t\t\t\t<img decoding=\"async\" src=\"\/\/cordobezaguirre.com\/sitio\/wp-content\/plugins\/revslider\/sr6\/assets\/assets\/dummy.png\" alt=\"\" title=\"Servicios\" class=\"rev-slidebg tp-rs-img rs-lazyload\" data-lazyload=\"\/\/cordobezaguirre.com\/sitio\/wp-content\/uploads\/2015\/01\/servicios1.jpg\" data-bg=\"p:center top;\" data-no-retina>\n<!---->\t\t\t\t\t<\/rs-slide>\n\t\t\t\t\t\t<rs-slide style=\"position: absolute;\" data-key=\"rs-9\" data-title=\"Slide\" data-anim=\"ms:300;\" data-in=\"o:0;\" data-out=\"a:false;\" data-alttrans=\"boxfade,slotfade-horizontal,slotfade-vertical,fadefromright,fadefromleft,fadefromtop,fadefrombottom,fadetoleftfadefromright,fadetorightfadefromleft,fadetotopfadefrombottom,fadetobottomfadefromtop\">\n\t\t\t\t\t\t\t<img decoding=\"async\" src=\"\/\/cordobezaguirre.com\/sitio\/wp-content\/plugins\/revslider\/sr6\/assets\/assets\/dummy.png\" alt=\"\" title=\"Servicios\" class=\"rev-slidebg tp-rs-img rs-lazyload\" data-lazyload=\"\/\/cordobezaguirre.com\/sitio\/wp-content\/uploads\/2015\/01\/servicios8.jpg\" data-bg=\"p:center top;\" data-no-retina>\n<!---->\t\t\t\t\t<\/rs-slide>\n\t\t\t\t\t\t<rs-slide style=\"position: absolute;\" data-key=\"rs-12\" data-title=\"Slide\" data-anim=\"ms:300;\" data-in=\"o:0;\" data-out=\"a:false;\" data-alttrans=\"boxfade,slotfade-horizontal,slotfade-vertical,fadefromright,fadefromleft,fadefromtop,fadefrombottom,fadetoleftfadefromright,fadetorightfadefromleft,fadetotopfadefrombottom,fadetobottomfadefromtop\">\n\t\t\t\t\t\t\t<img decoding=\"async\" src=\"\/\/cordobezaguirre.com\/sitio\/wp-content\/plugins\/revslider\/sr6\/assets\/assets\/dummy.png\" alt=\"\" title=\"Servicios\" class=\"rev-slidebg tp-rs-img rs-lazyload\" data-lazyload=\"\/\/cordobezaguirre.com\/sitio\/wp-content\/uploads\/2015\/01\/servicios10.jpg\" data-bg=\"p:center top;\" data-no-retina>\n<!---->\t\t\t\t\t<\/rs-slide>\n\t\t\t\t\t\t<rs-slide style=\"position: absolute;\" data-key=\"rs-13\" data-title=\"Slide\" data-anim=\"ms:300;\" data-in=\"o:0;\" data-out=\"a:false;\" data-alttrans=\"boxfade,slotfade-horizontal,slotfade-vertical,fadefromright,fadefromleft,fadefromtop,fadefrombottom,fadetoleftfadefromright,fadetorightfadefromleft,fadetotopfadefrombottom,fadetobottomfadefromtop\">\n\t\t\t\t\t\t\t<img decoding=\"async\" src=\"\/\/cordobezaguirre.com\/sitio\/wp-content\/plugins\/revslider\/sr6\/assets\/assets\/dummy.png\" alt=\"\" title=\"Servicios\" class=\"rev-slidebg tp-rs-img rs-lazyload\" data-lazyload=\"\/\/cordobezaguirre.com\/sitio\/wp-content\/uploads\/2015\/01\/servicios9.jpg\" data-bg=\"p:center top;\" data-no-retina>\n<!---->\t\t\t\t\t<\/rs-slide>\n\t\t\t\t\t\t<rs-slide style=\"position: absolute;\" data-key=\"rs-15\" data-title=\"Slide\" data-anim=\"ms:300;\" data-in=\"o:0;\" data-out=\"a:false;\" data-alttrans=\"boxfade,slotfade-horizontal,slotfade-vertical,fadefromright,fadefromleft,fadefromtop,fadefrombottom,fadetoleftfadefromright,fadetorightfadefromleft,fadetotopfadefrombottom,fadetobottomfadefromtop\">\n\t\t\t\t\t\t\t<img decoding=\"async\" src=\"\/\/cordobezaguirre.com\/sitio\/wp-content\/plugins\/revslider\/sr6\/assets\/assets\/dummy.png\" alt=\"\" title=\"Servicios\" class=\"rev-slidebg tp-rs-img rs-lazyload\" data-lazyload=\"\/\/cordobezaguirre.com\/sitio\/wp-content\/uploads\/2015\/01\/servicios11.jpg\" data-bg=\"p:center top;\" data-no-retina>\n<!---->\t\t\t\t\t<\/rs-slide>\n\t\t\t\t\t\t<rs-slide style=\"position: absolute;\" data-key=\"rs-14\" data-title=\"Slide\" data-anim=\"ms:300;\" data-in=\"o:0;\" data-out=\"a:false;\" data-alttrans=\"boxfade,slotfade-horizontal,slotfade-vertical,fadefromright,fadefromleft,fadefromtop,fadefrombottom,fadetoleftfadefromright,fadetorightfadefromleft,fadetotopfadefrombottom,fadetobottomfadefromtop\">\n\t\t\t\t\t\t\t<img decoding=\"async\" src=\"\/\/cordobezaguirre.com\/sitio\/wp-content\/plugins\/revslider\/sr6\/assets\/assets\/dummy.png\" alt=\"\" title=\"Servicios\" class=\"rev-slidebg tp-rs-img rs-lazyload\" data-lazyload=\"\/\/cordobezaguirre.com\/sitio\/wp-content\/uploads\/2015\/01\/servicios14.jpg\" data-bg=\"p:center top;\" data-no-retina>\n<!---->\t\t\t\t\t<\/rs-slide>\n\t\t\t\t\t\t<rs-slide style=\"position: absolute;\" data-key=\"rs-17\" data-title=\"Slide\" data-anim=\"ms:300;\" data-in=\"o:0;\" data-out=\"a:false;\" data-alttrans=\"boxfade,slotfade-horizontal,slotfade-vertical,fadefromright,fadefromleft,fadefromtop,fadefrombottom,fadetoleftfadefromright,fadetorightfadefromleft,fadetotopfadefrombottom,fadetobottomfadefromtop\">\n\t\t\t\t\t\t\t<img decoding=\"async\" src=\"\/\/cordobezaguirre.com\/sitio\/wp-content\/plugins\/revslider\/sr6\/assets\/assets\/dummy.png\" alt=\"\" title=\"Servicios\" class=\"rev-slidebg tp-rs-img rs-lazyload\" data-lazyload=\"\/\/cordobezaguirre.com\/sitio\/wp-content\/uploads\/2015\/01\/servicios13.jpg\" data-bg=\"p:center top;\" data-no-retina>\n<!---->\t\t\t\t\t<\/rs-slide>\n\t\t\t\t\t\t<rs-slide style=\"position: absolute;\" data-key=\"rs-16\" data-title=\"Slide\" data-anim=\"ms:300;\" data-in=\"o:0;\" data-out=\"a:false;\" data-alttrans=\"boxfade,slotfade-horizontal,slotfade-vertical,fadefromright,fadefromleft,fadefromtop,fadefrombottom,fadetoleftfadefromright,fadetorightfadefromleft,fadetotopfadefrombottom,fadetobottomfadefromtop\">\n\t\t\t\t\t\t\t<img decoding=\"async\" src=\"\/\/cordobezaguirre.com\/sitio\/wp-content\/plugins\/revslider\/sr6\/assets\/assets\/dummy.png\" alt=\"\" title=\"Servicios\" class=\"rev-slidebg tp-rs-img rs-lazyload\" data-lazyload=\"\/\/cordobezaguirre.com\/sitio\/wp-content\/uploads\/2015\/01\/servicios15.jpg\" data-bg=\"p:center top;\" data-no-retina>\n<!---->\t\t\t\t\t<\/rs-slide>\n\t\t\t\t\t<\/rs-slides>\n\t\t\t\t<\/rs-module>\n\t\t\t\t<script>\n\t\t\t\t\tsetREVStartSize({c: 'rev_slider_2_1',rl:[1240,1024,778,480],el:[],gw:[300],gh:[408],type:'standard',justify:'',layout:'fullwidth',mh:\"0\"});if (window.RS_MODULES!==undefined && window.RS_MODULES.modules!==undefined && window.RS_MODULES.modules[\"revslider21\"]!==undefined) {window.RS_MODULES.modules[\"revslider21\"].once = false;window.revapi2 = undefined;if (window.RS_MODULES.checkMinimal!==undefined) window.RS_MODULES.checkMinimal()}\n\t\t\t\t<\/script>\n\t\t\t<\/rs-module-wrap>\n\t\t\t<!-- END REVOLUTION SLIDER -->\n<a href=\"http:\/\/localhost\/cordobez\/wp-content\/uploads\/2014\/11\/home3.jpg\"><br \/>\n<\/a><\/p>\n<p><\/div><\/div><\/p>\n<p>&nbsp;<\/p>\n<pre class=\"prettyprint\"><\/div><\/pre>\n<p><div class=\"tab-content\"><\/p>\n<p><div class=\"columns\"><div class=\"two-third\"><\/p>\n<h2>Sucursal Omb\u00faes de Lavalle<\/h2>\n<p>Ofrecemos un complejo velatorio integral.<\/p>\n<ul>\n<li>2\u00a0salas.<\/li>\n<li>Ambiente climatizado.<\/li>\n<li>Servicio privado de kitchenette y ba\u00f1os &#8211; ba\u00f1os p\u00fablicos.<\/li>\n<li>WiFi<\/li>\n<li>Atenci\u00f3n con personal las 24 horas.<\/li>\n<li>\u00c1reas privadas y comunes.<\/li>\n<\/ul>\n<p><\/div><div class=\"one-third\"><\/p>\n<p>\n\t\t\t<!-- START Servicios Omb\u00faes REVOLUTION SLIDER 6.7.14 --><p class=\"rs-p-wp-fix\"><\/p>\n\t\t\t<rs-module-wrap id=\"rev_slider_4_2_wrapper\" data-source=\"gallery\" data-aimg=\"\"  style=\"visibility:hidden;background:#E9E9E9;padding:0;margin:0px auto;margin-top:0;margin-bottom:0;\">\n\t\t\t\t<rs-module id=\"rev_slider_4_2\" style=\"\" data-version=\"6.7.14\">\n\t\t\t\t\t<rs-slides style=\"overflow: hidden; position: absolute;\">\n\t\t\t\t\t\t<rs-slide style=\"position: absolute;\" data-key=\"rs-18\" data-title=\"Slide\" data-anim=\"ms:300;\" data-in=\"o:0;\" data-out=\"a:false;\" data-alttrans=\"boxfade,slotfade-horizontal,slotfade-vertical,fadefromright,fadefromleft,fadefromtop,fadefrombottom,fadetoleftfadefromright,fadetorightfadefromleft,fadetotopfadefrombottom,fadetobottomfadefromtop\">\n\t\t\t\t\t\t\t<img decoding=\"async\" src=\"\/\/cordobezaguirre.com\/sitio\/wp-content\/plugins\/revslider\/sr6\/assets\/assets\/dummy.png\" alt=\"\" title=\"Servicios\" class=\"rev-slidebg tp-rs-img rs-lazyload\" data-lazyload=\"\/\/cordobezaguirre.com\/sitio\/wp-content\/uploads\/2015\/01\/servicios7.jpg\" data-bg=\"p:center top;\" data-no-retina>\n<!---->\t\t\t\t\t<\/rs-slide>\n\t\t\t\t\t\t<rs-slide style=\"position: absolute;\" data-key=\"rs-19\" data-title=\"Slide\" data-anim=\"ms:300;\" data-in=\"o:0;\" data-out=\"a:false;\" data-alttrans=\"boxfade,slotfade-horizontal,slotfade-vertical,fadefromright,fadefromleft,fadefromtop,fadefrombottom,fadetoleftfadefromright,fadetorightfadefromleft,fadetotopfadefrombottom,fadetobottomfadefromtop\">\n\t\t\t\t\t\t\t<img decoding=\"async\" src=\"\/\/cordobezaguirre.com\/sitio\/wp-content\/plugins\/revslider\/sr6\/assets\/assets\/dummy.png\" alt=\"\" title=\"Servicios\" class=\"rev-slidebg tp-rs-img rs-lazyload\" data-lazyload=\"\/\/cordobezaguirre.com\/sitio\/wp-content\/uploads\/2015\/01\/servicios6.jpg\" data-bg=\"p:center top;\" data-no-retina>\n<!---->\t\t\t\t\t<\/rs-slide>\n\t\t\t\t\t\t<rs-slide style=\"position: absolute;\" data-key=\"rs-21\" data-title=\"Slide\" data-anim=\"ms:300;\" data-in=\"o:0;\" data-out=\"a:false;\" data-alttrans=\"boxfade,slotfade-horizontal,slotfade-vertical,fadefromright,fadefromleft,fadefromtop,fadefrombottom,fadetoleftfadefromright,fadetorightfadefromleft,fadetotopfadefrombottom,fadetobottomfadefromtop\">\n\t\t\t\t\t\t\t<img decoding=\"async\" src=\"\/\/cordobezaguirre.com\/sitio\/wp-content\/plugins\/revslider\/sr6\/assets\/assets\/dummy.png\" alt=\"\" title=\"Servicios\" class=\"rev-slidebg tp-rs-img rs-lazyload\" data-lazyload=\"\/\/cordobezaguirre.com\/sitio\/wp-content\/uploads\/2015\/01\/servicios5.jpg\" data-bg=\"p:center top;\" data-no-retina>\n<!---->\t\t\t\t\t<\/rs-slide>\n\t\t\t\t\t<\/rs-slides>\n\t\t\t\t<\/rs-module>\n\t\t\t\t<script>\n\t\t\t\t\tsetREVStartSize({c: 'rev_slider_4_2',rl:[1240,1024,778,480],el:[],gw:[300],gh:[408],type:'standard',justify:'',layout:'fullwidth',mh:\"0\"});if (window.RS_MODULES!==undefined && window.RS_MODULES.modules!==undefined && window.RS_MODULES.modules[\"revslider42\"]!==undefined) {window.RS_MODULES.modules[\"revslider42\"].once = false;window.revapi4 = undefined;if (window.RS_MODULES.checkMinimal!==undefined) window.RS_MODULES.checkMinimal()}\n\t\t\t\t<\/script>\n\t\t\t<\/rs-module-wrap>\n\t\t\t<!-- END REVOLUTION SLIDER -->\n<\/p>\n<p><\/div><\/div><\/p>\n<p><\/div><br \/>\n<div class=\"tab-content\"><\/p>\n<h2>Traslados y repatriaciones<\/h2>\n<p>Cordobez Aguirre ofrece soluciones cumpliendo con todas las normas nacionales e internacionales vigentes, aportando sensibilidad y conocimiento.<\/p>\n<h2>Cremaciones<\/h2>\n<p>C<span lang=\"ES\">ordobez Aguirre ofrece servicio de cremaci\u00f3n, que es una alternativa simple y econ\u00f3mica, cuyas principales ventajas son que no posee costos de mantenimiento ni ingreso al cementerio y principalmente la libre disponibilidad de las cenizas en mano.<\/span><\/p>\n<h2>Tr\u00e1mites<\/h2>\n<p>C<span lang=\"ES\">ordobez Aguirre ofrece su experiencia en la sucesi\u00f3n de tr\u00e1mites administrativos y legales inherentes al servicio f\u00fanebre, en el asesoramiento sobre seguros, convenios, subsidios y pensiones, propiedad funeraria, reducciones, traslados, repatriaciones\u00a0 y cremaciones.<\/span><\/p>\n<h2>Esquelas<\/h2>\n<ul>\n<li>Semanario El Municipio &#8211; 4542 2620<\/li>\n<li>Semanario El Eco &#8211; 4542 4480<\/li>\n<\/ul>\n<h2>Florer\u00edas<\/h2>\n<ul>\n<li>Florer\u00eda Bacqu\u00e9 &#8211;\u00a04542 2069 &#8211;\u00a0099 542 370<\/li>\n<li>Florer\u00eda Ikebana &#8211;\u00a04542 3523 &#8211;\u00a0091 400 410<\/li>\n<\/ul>\n<p><\/div><br \/>\n<\/div>\n<p>&nbsp;<\/p>\n","protected":false},"excerpt":{"rendered":"<p>&nbsp;<\/p>\n","protected":false},"author":1,"featured_media":0,"parent":0,"menu_order":0,"comment_status":"closed","ping_status":"closed","template":"template-full-width.php","meta":{"footnotes":""},"aioseo_notices":[],"_links":{"self":[{"href":"https:\/\/cordobezaguirre.com\/sitio\/wp-json\/wp\/v2\/pages\/30"}],"collection":[{"href":"https:\/\/cordobezaguirre.com\/sitio\/wp-json\/wp\/v2\/pages"}],"about":[{"href":"https:\/\/cordobezaguirre.com\/sitio\/wp-json\/wp\/v2\/types\/page"}],"author":[{"embeddable":true,"href":"https:\/\/cordobezaguirre.com\/sitio\/wp-json\/wp\/v2\/users\/1"}],"replies":[{"embeddable":true,"href":"https:\/\/cordobezaguirre.com\/sitio\/wp-json\/wp\/v2\/comments?post=30"}],"version-history":[{"count":1,"href":"https:\/\/cordobezaguirre.com\/sitio\/wp-json\/wp\/v2\/pages\/30\/revisions"}],"predecessor-version":[{"id":31,"href":"https:\/\/cordobezaguirre.com\/sitio\/wp-json\/wp\/v2\/pages\/30\/revisions\/31"}],"wp:attachment":[{"href":"https:\/\/cordobezaguirre.com\/sitio\/wp-json\/wp\/v2\/media?parent=30"}],"curies":[{"name":"wp","href":"https:\/\/api.w.org\/{rel}","templated":true}]}}