{"id":12,"date":"2015-01-09T14:59:50","date_gmt":"2015-01-09T16:59:50","guid":{"rendered":"http:\/\/cordobezaguirre.com\/sitio\/?page_id=12"},"modified":"2019-07-08T12:28:27","modified_gmt":"2019-07-08T14:28:27","slug":"sobre-nosotros","status":"publish","type":"page","link":"https:\/\/cordobezaguirre.com\/sitio\/sobre-nosotros\/","title":{"rendered":"Sobre nosotros"},"content":{"rendered":"<div id=\"attachment_320\" style=\"width: 83px\" class=\"wp-caption alignleft\"><img loading=\"lazy\" decoding=\"async\" aria-describedby=\"caption-attachment-320\" class=\"wp-image-320 size-full\" src=\"http:\/\/cordobezaguirre.com\/sitio\/wp-content\/uploads\/2015\/01\/perfil.gif\" alt=\"Don Felipe Cordobez\" width=\"73\" height=\"84\" \/><p id=\"caption-attachment-320\" class=\"wp-caption-text\">Don Felipe Cordobez<br \/><em><strong>Fundador<\/strong><\/em><\/p><\/div>\n<p><strong>A lo largo de 50 a\u00f1os de trayectoria la empresa ha ganado el mayor prestigio en su rubro, fruto del esfuerzo permanente y el esp\u00edritu de superaci\u00f3n e innovaci\u00f3n<\/strong>.<\/p>\n<p>A fines de la d\u00e9cada del 60, Don Felipe Cordobez que se desempe\u00f1aba como visitador m\u00e9dico en el Departamento de Colonia en representaci\u00f3n de laboratorios con sede en la capital del pa\u00eds, en los momentos libres colaboraba con la empresa de pompas f\u00fanebres Mailhe. El 1\u00ba de Julio de 1969, debido al fallecimiento del titular de la mencionada empresa, Don Felipe con el apoyo de su familia y amigos compra la empresa, que se denominar\u00eda Empresa de Pompas F\u00fanebres Mailhe de Felipe Cordobez Aguirre.<\/p>\n<p>A lo largo de los a\u00f1os Don Felipe fue un innovador en materia de servicio f\u00fanebre, fue la primer empresa en imponer el uso de las salas velatorias en sustituci\u00f3n del velatorio en el domicilio,\u00a0 el coche f\u00fanebre americano y los sepelios en auto, la informaci\u00f3n necrol\u00f3gica a trav\u00e9s de un espacio en la radio local.<\/p>\n<p>Desde entonces,\u00a0Empresa Cordobez Aguirre ha brindado el mejor servicio a las familias carmelitanas y de la zona, con la correspondiente adecuaci\u00f3n de los mismos, sin variar con el transcurso del tiempo, los principios y vocaci\u00f3n de servicio que han sido un legado de esta familia.<\/p>\n","protected":false},"excerpt":{"rendered":"<p>A lo largo de 50 a\u00f1os de trayectoria la empresa ha ganado el mayor prestigio en su rubro, fruto del esfuerzo permanente y el esp\u00edritu de superaci\u00f3n e innovaci\u00f3n. A fines de la d\u00e9cada del 60, Don Felipe Cordobez que se desempe\u00f1aba como visitador m\u00e9dico en el Departamento de Colonia en representaci\u00f3n de laboratorios con [&hellip;]<\/p>\n","protected":false},"author":1,"featured_media":0,"parent":0,"menu_order":0,"comment_status":"closed","ping_status":"closed","template":"","meta":{"footnotes":""},"aioseo_notices":[],"_links":{"self":[{"href":"https:\/\/cordobezaguirre.com\/sitio\/wp-json\/wp\/v2\/pages\/12"}],"collection":[{"href":"https:\/\/cordobezaguirre.com\/sitio\/wp-json\/wp\/v2\/pages"}],"about":[{"href":"https:\/\/cordobezaguirre.com\/sitio\/wp-json\/wp\/v2\/types\/page"}],"author":[{"embeddable":true,"href":"https:\/\/cordobezaguirre.com\/sitio\/wp-json\/wp\/v2\/users\/1"}],"replies":[{"embeddable":true,"href":"https:\/\/cordobezaguirre.com\/sitio\/wp-json\/wp\/v2\/comments?post=12"}],"version-history":[{"count":4,"href":"https:\/\/cordobezaguirre.com\/sitio\/wp-json\/wp\/v2\/pages\/12\/revisions"}],"predecessor-version":[{"id":1051,"href":"https:\/\/cordobezaguirre.com\/sitio\/wp-json\/wp\/v2\/pages\/12\/revisions\/1051"}],"wp:attachment":[{"href":"https:\/\/cordobezaguirre.com\/sitio\/wp-json\/wp\/v2\/media?parent=12"}],"curies":[{"name":"wp","href":"https:\/\/api.w.org\/{rel}","templated":true}]}}